{"id":24,"date":"2015-03-27T12:43:19","date_gmt":"2015-03-27T11:43:19","guid":{"rendered":"http:\/\/edwin.coffe4it.pl\/?page_id=24"},"modified":"2023-05-10T09:08:03","modified_gmt":"2023-05-10T07:08:03","slug":"o-nas","status":"publish","type":"page","link":"https:\/\/casting.wroc.pl\/ru\/o-nas\/","title":{"rendered":"About"},"content":{"rendered":"<p><strong><br \/>\nAgencj\u0119 Aktor\u00f3w i Statyst\u00f3w \u201eEDWIN FILM\u201d tworz\u0105 aktorzy, absolwenci wroc\u0142awskiej PWST \u2013 Iwona i Edwin Ba\u017ca\u0144scy.<br \/>\n<\/strong><\/p>\n<p>Najpierw zdobywali do\u015bwiadczenie na scenie teatralnej we Wroc\u0142awiu i Bielsku Bia\u0142ej, p\u00f3\u017aniej przez wiele lat tworzyli popularne programy telewizyjne dla wroc\u0142awskich stacji komercyjnych a kolejnym etapem by\u0142o utworzenie najpierw Agencji Statyst\u00f3w a nast\u0119pnie Agencji Aktor\u00f3w i Statyst\u00f3w.<\/p>\n<p>Jeste\u015bmy na rynku nieprzerwanie od 1997 roku i staramy si\u0119 nieustannie zdobywa\u0107 nowe do\u015bwiadczenia by spe\u0142nia\u0107 wymagania reprezentowanych przez nas os\u00f3b, a tak\u017ce naszych zleceniodawc\u00f3w: producent\u00f3w, re\u017cyser\u00f3w i firmy producenckie.<\/p>\n<p>W zasobach naszej Agencji posiadamy zar\u00f3wno aktor\u00f3w z wieloletnim do\u015bwiadczeniem jak i m\u0142odych adept\u00f3w sztuki teatralnej. Ch\u0119tnie wsp\u00f3\u0142pracujemy zar\u00f3wno z aktorami ma\u0142o znanymi jak i z najwi\u0119kszymi gwiazdami polskiego kina i teatru. Najwa\u017cniejsze s\u0105 dla nas: talent, pasja i zaanga\u017cowanie w swoj\u0105 prac\u0119.<\/p>\n<p>EDWIN FILM to tak\u017ce jedyna w Polsce pr\u0119\u017cna baza aktor\u00f3w i aktorek ukrai\u0144skich, kt\u00f3ra nieustannie si\u0119 powi\u0119ksza.<\/p>\n<p>Reprezentuj\u0105c naszych aktor\u00f3w, jednocze\u015bnie zajmujemy si\u0119 pe\u0142n\u0105 obs\u0142ug\u0105 prawn\u0105 zwi\u0105zan\u0105 z podpisywaniem um\u00f3w, negocjacj\u0105 kontrakt\u00f3w oraz pozyskiwaniem interesuj\u0105cych zlece\u0144.<\/p>\n<p>Posiadamy tak\u017ce studio castingowe oraz profesjonalny sprz\u0119t filmowy: organizujemy castingi do reklam, film\u00f3w, seriali i innych przedsi\u0119wzi\u0119\u0107 filmowych i telewizyjnych.<\/p>\n<p><strong>Zapraszamy serdecznie do wsp\u00f3\u0142pracy.<\/strong><strong><br \/>\nAgencj\u0119 Aktor\u00f3w i Statyst\u00f3w \u201eEDWIN FILM\u201d tworz\u0105 aktorzy, absolwenci wroc\u0142awskiej PWST \u2013 Iwona i Edwin Ba\u017ca\u0144scy.<br \/>\n<\/strong><\/p>\n<p>Najpierw zdobywali do\u015bwiadczenie na scenie teatralnej we Wroc\u0142awiu i Bielsku Bia\u0142ej, p\u00f3\u017aniej przez wiele lat tworzyli popularne programy telewizyjne dla wroc\u0142awskich stacji komercyjnych a kolejnym etapem by\u0142o utworzenie najpierw Agencji Statyst\u00f3w a nast\u0119pnie Agencji Aktor\u00f3w i Statyst\u00f3w.<\/p>\n<p>Jeste\u015bmy na rynku nieprzerwanie od 1997 roku i staramy si\u0119 nieustannie zdobywa\u0107 nowe do\u015bwiadczenia by spe\u0142nia\u0107 wymagania reprezentowanych przez nas os\u00f3b, a tak\u017ce naszych zleceniodawc\u00f3w: producent\u00f3w, re\u017cyser\u00f3w i firmy producenckie.<\/p>\n<p>W zasobach naszej Agencji posiadamy zar\u00f3wno aktor\u00f3w z wieloletnim do\u015bwiadczeniem jak i m\u0142odych adept\u00f3w sztuki teatralnej. Ch\u0119tnie wsp\u00f3\u0142pracujemy zar\u00f3wno z aktorami ma\u0142o znanymi jak i z najwi\u0119kszymi gwiazdami polskiego kina i teatru. Najwa\u017cniejsze s\u0105 dla nas: talent, pasja i zaanga\u017cowanie w swoj\u0105 prac\u0119.<\/p>\n<p>Reprezentujemy tak\u017ce kilka tysi\u0119cy statyst\u00f3w i aktor\u00f3w dzieci\u0119cych.<\/p>\n<p>Nasza Agencja posiada tak\u017ce sw\u00f3j oddzia\u0142 w Warszawie, zapraszamy wi\u0119c do wsp\u00f3\u0142pracy osoby z Warszawy oraz okolic.<\/p>\n<p>EDWIN FILM to tak\u017ce jedyna w Polsce pr\u0119\u017cna baza aktor\u00f3w i aktorek rosyjskich, kt\u00f3ra nieustannie si\u0119 powi\u0119ksza.<\/p>\n<p>Reprezentuj\u0105c naszych aktor\u00f3w, jednocze\u015bnie zajmujemy si\u0119 pe\u0142n\u0105 obs\u0142ug\u0105 prawn\u0105 zwi\u0105zan\u0105 z podpisywaniem um\u00f3w, negocjacj\u0105 kontrakt\u00f3w oraz pozyskiwaniem interesuj\u0105cych zlece\u0144.<\/p>\n<p>Posiadamy tak\u017ce studio castingowe oraz profesjonalny sprz\u0119t filmowy: organizujemy castingi do reklam, film\u00f3w, seriali i innych przedsi\u0119wzi\u0119\u0107 filmowych i telewizyjnych.<\/p>\n<p><strong>Zapraszamy serdecznie do wsp\u00f3\u0142pracy.<\/strong><strong><br \/>\nAgencj\u0119 Aktor\u00f3w i Statyst\u00f3w \u201eEDWIN FILM\u201d tworz\u0105 aktorzy, absolwenci wroc\u0142awskiej PWST \u2013 Iwona i Edwin Ba\u017ca\u0144scy.<br \/>\n<\/strong><\/p>\n<p>Najpierw zdobywali do\u015bwiadczenie na scenie teatralnej we Wroc\u0142awiu i Bielsku Bia\u0142ej, p\u00f3\u017aniej przez wiele lat tworzyli popularne programy telewizyjne dla wroc\u0142awskich stacji komercyjnych a kolejnym etapem by\u0142o utworzenie najpierw Agencji Statyst\u00f3w a nast\u0119pnie Agencji Aktor\u00f3w i Statyst\u00f3w.<\/p>\n<p>Jeste\u015bmy na rynku nieprzerwanie od 1997 roku i staramy si\u0119 nieustannie zdobywa\u0107 nowe do\u015bwiadczenia by spe\u0142nia\u0107 wymagania reprezentowanych przez nas os\u00f3b, a tak\u017ce naszych zleceniodawc\u00f3w: producent\u00f3w, re\u017cyser\u00f3w i firmy producenckie.<\/p>\n<p>W zasobach naszej Agencji posiadamy zar\u00f3wno aktor\u00f3w z wieloletnim do\u015bwiadczeniem jak i m\u0142odych adept\u00f3w sztuki teatralnej. Ch\u0119tnie wsp\u00f3\u0142pracujemy zar\u00f3wno z aktorami ma\u0142o znanymi jak i z najwi\u0119kszymi gwiazdami polskiego kina i teatru. Najwa\u017cniejsze s\u0105 dla nas: talent, pasja i zaanga\u017cowanie w swoj\u0105 prac\u0119.<\/p>\n<p>Reprezentujemy tak\u017ce kilka tysi\u0119cy statyst\u00f3w i aktor\u00f3w dzieci\u0119cych.<\/p>\n<p>Nasza Agencja posiada tak\u017ce sw\u00f3j oddzia\u0142 w Warszawie, zapraszamy wi\u0119c do wsp\u00f3\u0142pracy osoby z Warszawy oraz okolic.<\/p>\n<p>EDWIN FILM to tak\u017ce jedyna w Polsce pr\u0119\u017cna baza aktor\u00f3w i aktorek rosyjskich, kt\u00f3ra nieustannie si\u0119 powi\u0119ksza.<\/p>\n<p>Reprezentuj\u0105c naszych aktor\u00f3w, jednocze\u015bnie zajmujemy si\u0119 pe\u0142n\u0105 obs\u0142ug\u0105 prawn\u0105 zwi\u0105zan\u0105 z podpisywaniem um\u00f3w, negocjacj\u0105 kontrakt\u00f3w oraz pozyskiwaniem interesuj\u0105cych zlece\u0144.<\/p>\n<p>Posiadamy tak\u017ce studio castingowe oraz profesjonalny sprz\u0119t filmowy: organizujemy castingi do reklam, film\u00f3w, seriali i innych przedsi\u0119wzi\u0119\u0107 filmowych i telewizyjnych.<\/p>\n<p><strong>Zapraszamy serdecznie do wsp\u00f3\u0142pracy.<\/strong><strong><br \/>\nAgencj\u0119 Aktor\u00f3w i Statyst\u00f3w \u201eEDWIN FILM\u201d tworz\u0105 aktorzy, absolwenci wroc\u0142awskiej PWST \u2013 Iwona i Edwin Ba\u017ca\u0144scy.<br \/>\n<\/strong><\/p>\n<p>Najpierw zdobywali do\u015bwiadczenie na scenie teatralnej we Wroc\u0142awiu i Bielsku Bia\u0142ej, p\u00f3\u017aniej przez wiele lat tworzyli popularne programy telewizyjne dla wroc\u0142awskich stacji komercyjnych a kolejnym etapem by\u0142o utworzenie najpierw Agencji Statyst\u00f3w a nast\u0119pnie Agencji Aktor\u00f3w i Statyst\u00f3w.<\/p>\n<p>Jeste\u015bmy na rynku nieprzerwanie od 1997 roku i staramy si\u0119 nieustannie zdobywa\u0107 nowe do\u015bwiadczenia by spe\u0142nia\u0107 wymagania reprezentowanych przez nas os\u00f3b, a tak\u017ce naszych zleceniodawc\u00f3w: producent\u00f3w, re\u017cyser\u00f3w i firmy producenckie.<\/p>\n<p>W zasobach naszej Agencji posiadamy zar\u00f3wno aktor\u00f3w z wieloletnim do\u015bwiadczeniem jak i m\u0142odych adept\u00f3w sztuki teatralnej. Ch\u0119tnie wsp\u00f3\u0142pracujemy zar\u00f3wno z aktorami ma\u0142o znanymi jak i z najwi\u0119kszymi gwiazdami polskiego kina i teatru. Najwa\u017cniejsze s\u0105 dla nas: talent, pasja i zaanga\u017cowanie w swoj\u0105 prac\u0119.<\/p>\n<p>Reprezentujemy tak\u017ce kilka tysi\u0119cy statyst\u00f3w i aktor\u00f3w dzieci\u0119cych.<\/p>\n<p>Nasza Agencja posiada tak\u017ce sw\u00f3j oddzia\u0142 w Warszawie, zapraszamy wi\u0119c do wsp\u00f3\u0142pracy osoby z Warszawy oraz okolic.<\/p>\n<p>EDWIN FILM to tak\u017ce jedyna w Polsce pr\u0119\u017cna baza aktor\u00f3w i aktorek rosyjskich, kt\u00f3ra nieustannie si\u0119 powi\u0119ksza.<\/p>\n<p>Reprezentuj\u0105c naszych aktor\u00f3w, jednocze\u015bnie zajmujemy si\u0119 pe\u0142n\u0105 obs\u0142ug\u0105 prawn\u0105 zwi\u0105zan\u0105 z podpisywaniem um\u00f3w, negocjacj\u0105 kontrakt\u00f3w oraz pozyskiwaniem interesuj\u0105cych zlece\u0144.<\/p>\n<p>Posiadamy tak\u017ce studio castingowe oraz profesjonalny sprz\u0119t filmowy: organizujemy castingi do reklam, film\u00f3w, seriali i innych przedsi\u0119wzi\u0119\u0107 filmowych i telewizyjnych.<\/p>\n<p><strong>Zapraszamy serdecznie do wsp\u00f3\u0142pracy.<\/strong><strong><br \/>\nAgencj\u0119 Aktor\u00f3w i Statyst\u00f3w \u201eEDWIN FILM\u201d tworz\u0105 aktorzy, absolwenci wroc\u0142awskiej PWST \u2013 Iwona i Edwin Ba\u017ca\u0144scy.<br \/>\n<\/strong><\/p>\n<p>Najpierw zdobywali do\u015bwiadczenie na scenie teatralnej we Wroc\u0142awiu i Bielsku Bia\u0142ej, p\u00f3\u017aniej przez wiele lat tworzyli popularne programy telewizyjne dla wroc\u0142awskich stacji komercyjnych a kolejnym etapem by\u0142o utworzenie najpierw Agencji Statyst\u00f3w a nast\u0119pnie Agencji Aktor\u00f3w i Statyst\u00f3w.<\/p>\n<p>Jeste\u015bmy na rynku nieprzerwanie od 1997 roku i staramy si\u0119 nieustannie zdobywa\u0107 nowe do\u015bwiadczenia by spe\u0142nia\u0107 wymagania reprezentowanych przez nas os\u00f3b, a tak\u017ce naszych zleceniodawc\u00f3w: producent\u00f3w, re\u017cyser\u00f3w i firmy producenckie.<\/p>\n<p>W zasobach naszej Agencji posiadamy zar\u00f3wno aktor\u00f3w z wieloletnim do\u015bwiadczeniem jak i m\u0142odych adept\u00f3w sztuki teatralnej. Ch\u0119tnie wsp\u00f3\u0142pracujemy zar\u00f3wno z aktorami ma\u0142o znanymi jak i z najwi\u0119kszymi gwiazdami polskiego kina i teatru. Najwa\u017cniejsze s\u0105 dla nas: talent, pasja i zaanga\u017cowanie w swoj\u0105 prac\u0119.<\/p>\n<p>Reprezentujemy tak\u017ce kilka tysi\u0119cy statyst\u00f3w i aktor\u00f3w dzieci\u0119cych.<\/p>\n<p>Nasza Agencja posiada tak\u017ce sw\u00f3j oddzia\u0142 w Warszawie, zapraszamy wi\u0119c do wsp\u00f3\u0142pracy osoby z Warszawy oraz okolic.<\/p>\n<p>EDWIN FILM to tak\u017ce jedyna w Polsce pr\u0119\u017cna baza aktor\u00f3w i aktorek rosyjskich, kt\u00f3ra nieustannie si\u0119 powi\u0119ksza.<\/p>\n<p>Reprezentuj\u0105c naszych aktor\u00f3w, jednocze\u015bnie zajmujemy si\u0119 pe\u0142n\u0105 obs\u0142ug\u0105 prawn\u0105 zwi\u0105zan\u0105 z podpisywaniem um\u00f3w, negocjacj\u0105 kontrakt\u00f3w oraz pozyskiwaniem interesuj\u0105cych zlece\u0144.<\/p>\n<p>Posiadamy tak\u017ce studio castingowe oraz profesjonalny sprz\u0119t filmowy: organizujemy castingi do reklam, film\u00f3w, seriali i innych przedsi\u0119wzi\u0119\u0107 filmowych i telewizyjnych.<\/p>\n<p><strong>Zapraszamy serdecznie do wsp\u00f3\u0142pracy.<\/strong><strong><br \/>\nAgencj\u0119 Aktor\u00f3w i Statyst\u00f3w \u201eEDWIN FILM\u201d tworz\u0105 aktorzy, absolwenci wroc\u0142awskiej PWST \u2013 Iwona i Edwin Ba\u017ca\u0144scy.<br \/>\n<\/strong><\/p>\n<p>Najpierw zdobywali do\u015bwiadczenie na scenie teatralnej we Wroc\u0142awiu i Bielsku Bia\u0142ej, p\u00f3\u017aniej przez wiele lat tworzyli popularne programy telewizyjne dla wroc\u0142awskich stacji komercyjnych a kolejnym etapem by\u0142o utworzenie najpierw Agencji Statyst\u00f3w a nast\u0119pnie Agencji Aktor\u00f3w i Statyst\u00f3w.<\/p>\n<p>Jeste\u015bmy na rynku nieprzerwanie od 1997 roku i staramy si\u0119 nieustannie zdobywa\u0107 nowe do\u015bwiadczenia by spe\u0142nia\u0107 wymagania reprezentowanych przez nas os\u00f3b, a tak\u017ce naszych zleceniodawc\u00f3w: producent\u00f3w, re\u017cyser\u00f3w i firmy producenckie.<\/p>\n<p>W zasobach naszej Agencji posiadamy zar\u00f3wno aktor\u00f3w z wieloletnim do\u015bwiadczeniem jak i m\u0142odych adept\u00f3w sztuki teatralnej. Ch\u0119tnie wsp\u00f3\u0142pracujemy zar\u00f3wno z aktorami ma\u0142o znanymi jak i z najwi\u0119kszymi gwiazdami polskiego kina i teatru. Najwa\u017cniejsze s\u0105 dla nas: talent, pasja i zaanga\u017cowanie w swoj\u0105 prac\u0119.<\/p>\n<p>Reprezentujemy tak\u017ce kilka tysi\u0119cy statyst\u00f3w i aktor\u00f3w dzieci\u0119cych.<\/p>\n<p>Nasza Agencja posiada tak\u017ce sw\u00f3j oddzia\u0142 w Warszawie, zapraszamy wi\u0119c do wsp\u00f3\u0142pracy osoby z Warszawy oraz okolic.<\/p>\n<p>EDWIN FILM to tak\u017ce jedyna w Polsce pr\u0119\u017cna baza aktor\u00f3w i aktorek rosyjskich, kt\u00f3ra nieustannie si\u0119 powi\u0119ksza.<\/p>\n<p>Reprezentuj\u0105c naszych aktor\u00f3w, jednocze\u015bnie zajmujemy si\u0119 pe\u0142n\u0105 obs\u0142ug\u0105 prawn\u0105 zwi\u0105zan\u0105 z podpisywaniem um\u00f3w, negocjacj\u0105 kontrakt\u00f3w oraz pozyskiwaniem interesuj\u0105cych zlece\u0144.<\/p>\n<p>Posiadamy tak\u017ce studio castingowe oraz profesjonalny sprz\u0119t filmowy: organizujemy castingi do reklam, film\u00f3w, seriali i innych przedsi\u0119wzi\u0119\u0107 filmowych i telewizyjnych.<\/p>\n<p><strong>Zapraszamy serdecznie do wsp\u00f3\u0142pracy.<\/strong><strong><br \/>\nAgencj\u0119 Aktor\u00f3w i Statyst\u00f3w \u201eEDWIN FILM\u201d tworz\u0105 aktorzy, absolwenci wroc\u0142awskiej PWST \u2013 Iwona i Edwin Ba\u017ca\u0144scy.<br \/>\n<\/strong><\/p>\n<p>Najpierw zdobywali do\u015bwiadczenie na scenie teatralnej we Wroc\u0142awiu i Bielsku Bia\u0142ej, p\u00f3\u017aniej przez wiele lat tworzyli popularne programy telewizyjne dla wroc\u0142awskich stacji komercyjnych a kolejnym etapem by\u0142o utworzenie najpierw Agencji Statyst\u00f3w a nast\u0119pnie Agencji Aktor\u00f3w i Statyst\u00f3w.<\/p>\n<p>Jeste\u015bmy na rynku nieprzerwanie od 1997 roku i staramy si\u0119 nieustannie zdobywa\u0107 nowe do\u015bwiadczenia by spe\u0142nia\u0107 wymagania reprezentowanych przez nas os\u00f3b, a tak\u017ce naszych zleceniodawc\u00f3w: producent\u00f3w, re\u017cyser\u00f3w i firmy producenckie.<\/p>\n<p>W zasobach naszej Agencji posiadamy zar\u00f3wno aktor\u00f3w z wieloletnim do\u015bwiadczeniem jak i m\u0142odych adept\u00f3w sztuki teatralnej. Ch\u0119tnie wsp\u00f3\u0142pracujemy zar\u00f3wno z aktorami ma\u0142o znanymi jak i z najwi\u0119kszymi gwiazdami polskiego kina i teatru. Najwa\u017cniejsze s\u0105 dla nas: talent, pasja i zaanga\u017cowanie w swoj\u0105 prac\u0119.<\/p>\n<p>Reprezentujemy tak\u017ce kilka tysi\u0119cy statyst\u00f3w i aktor\u00f3w dzieci\u0119cych.<\/p>\n<p>Nasza Agencja posiada tak\u017ce sw\u00f3j oddzia\u0142 w Warszawie, zapraszamy wi\u0119c do wsp\u00f3\u0142pracy osoby z Warszawy oraz okolic.<\/p>\n<p>EDWIN FILM to tak\u017ce jedyna w Polsce pr\u0119\u017cna baza aktor\u00f3w i aktorek rosyjskich, kt\u00f3ra nieustannie si\u0119 powi\u0119ksza.<\/p>\n<p>Reprezentuj\u0105c naszych aktor\u00f3w, jednocze\u015bnie zajmujemy si\u0119 pe\u0142n\u0105 obs\u0142ug\u0105 prawn\u0105 zwi\u0105zan\u0105 z podpisywaniem um\u00f3w, negocjacj\u0105 kontrakt\u00f3w oraz pozyskiwaniem interesuj\u0105cych zlece\u0144.<\/p>\n<p>Posiadamy tak\u017ce studio castingowe oraz profesjonalny sprz\u0119t filmowy: organizujemy castingi do reklam, film\u00f3w, seriali i innych przedsi\u0119wzi\u0119\u0107 filmowych i telewizyjnych.<\/p>\n<p><strong>Zapraszamy serdecznie do wsp\u00f3\u0142pracy.<\/strong><strong><br \/>\nAgencj\u0119 Aktor\u00f3w i Statyst\u00f3w \u201eEDWIN FILM\u201d tworz\u0105 aktorzy, absolwenci wroc\u0142awskiej PWST \u2013 Iwona i Edwin Ba\u017ca\u0144scy.<br \/>\n<\/strong><\/p>\n<p>Najpierw zdobywali do\u015bwiadczenie na scenie teatralnej we Wroc\u0142awiu i Bielsku Bia\u0142ej, p\u00f3\u017aniej przez wiele lat tworzyli popularne programy telewizyjne dla wroc\u0142awskich stacji komercyjnych a kolejnym etapem by\u0142o utworzenie najpierw Agencji Statyst\u00f3w a nast\u0119pnie Agencji Aktor\u00f3w i Statyst\u00f3w.<\/p>\n<p>Jeste\u015bmy na rynku nieprzerwanie od 1997 roku i staramy si\u0119 nieustannie zdobywa\u0107 nowe do\u015bwiadczenia by spe\u0142nia\u0107 wymagania reprezentowanych przez nas os\u00f3b, a tak\u017ce naszych zleceniodawc\u00f3w: producent\u00f3w, re\u017cyser\u00f3w i firmy producenckie.<\/p>\n<p>W zasobach naszej Agencji posiadamy zar\u00f3wno aktor\u00f3w z wieloletnim do\u015bwiadczeniem jak i m\u0142odych adept\u00f3w sztuki teatralnej. Ch\u0119tnie wsp\u00f3\u0142pracujemy zar\u00f3wno z aktorami ma\u0142o znanymi jak i z najwi\u0119kszymi gwiazdami polskiego kina i teatru. Najwa\u017cniejsze s\u0105 dla nas: talent, pasja i zaanga\u017cowanie w swoj\u0105 prac\u0119.<\/p>\n<p>Reprezentujemy tak\u017ce kilka tysi\u0119cy statyst\u00f3w i aktor\u00f3w dzieci\u0119cych.<\/p>\n<p>Nasza Agencja posiada tak\u017ce sw\u00f3j oddzia\u0142 w Warszawie, zapraszamy wi\u0119c do wsp\u00f3\u0142pracy osoby z Warszawy oraz okolic.<\/p>\n<p>EDWIN FILM to tak\u017ce jedyna w Polsce pr\u0119\u017cna baza aktor\u00f3w i aktorek rosyjskich, kt\u00f3ra nieustannie si\u0119 powi\u0119ksza.<\/p>\n<p>Reprezentuj\u0105c naszych aktor\u00f3w, jednocze\u015bnie zajmujemy si\u0119 pe\u0142n\u0105 obs\u0142ug\u0105 prawn\u0105 zwi\u0105zan\u0105 z podpisywaniem um\u00f3w, negocjacj\u0105 kontrakt\u00f3w oraz pozyskiwaniem interesuj\u0105cych zlece\u0144.<\/p>\n<p>Posiadamy tak\u017ce studio castingowe oraz profesjonalny sprz\u0119t filmowy: organizujemy castingi do reklam, film\u00f3w, seriali i innych przedsi\u0119wzi\u0119\u0107 filmowych i telewizyjnych.<\/p>\n<p><strong>Zapraszamy serdecznie do wsp\u00f3\u0142pracy.<\/strong><\/p>","protected":false},"excerpt":{"rendered":"<p>Agencj\u0119 Aktor\u00f3w i Statyst\u00f3w \u201eEDWIN FILM\u201d tworz\u0105 aktorzy, absolwenci wroc\u0142awskiej PWST \u2013 Iwona i Edwin Ba\u017ca\u0144scy. Najpierw zdobywali do\u015bwiadczenie na scenie teatralnej we Wroc\u0142awiu i Bielsku Bia\u0142ej, p\u00f3\u017aniej przez wiele lat tworzyli popularne programy telewizyjne dla wroc\u0142awskich stacji komercyjnych a kolejnym etapem by\u0142o utworzenie najpierw Agencji Statyst\u00f3w a nast\u0119pnie Agencji Aktor\u00f3w i Statyst\u00f3w. Jeste\u015bmy na [&hellip;]<\/p>\n","protected":false},"author":4,"featured_media":38788,"parent":0,"menu_order":0,"comment_status":"open","ping_status":"open","template":"templates\/page-aboutus.php","meta":[],"acf":[],"_links":{"self":[{"href":"https:\/\/casting.wroc.pl\/ru\/wp-json\/wp\/v2\/pages\/24"}],"collection":[{"href":"https:\/\/casting.wroc.pl\/ru\/wp-json\/wp\/v2\/pages"}],"about":[{"href":"https:\/\/casting.wroc.pl\/ru\/wp-json\/wp\/v2\/types\/page"}],"author":[{"embeddable":true,"href":"https:\/\/casting.wroc.pl\/ru\/wp-json\/wp\/v2\/users\/4"}],"replies":[{"embeddable":true,"href":"https:\/\/casting.wroc.pl\/ru\/wp-json\/wp\/v2\/comments?post=24"}],"version-history":[{"count":4,"href":"https:\/\/casting.wroc.pl\/ru\/wp-json\/wp\/v2\/pages\/24\/revisions"}],"predecessor-version":[{"id":298145,"href":"https:\/\/casting.wroc.pl\/ru\/wp-json\/wp\/v2\/pages\/24\/revisions\/298145"}],"wp:featuredmedia":[{"embeddable":true,"href":"https:\/\/casting.wroc.pl\/ru\/wp-json\/wp\/v2\/media\/38788"}],"wp:attachment":[{"href":"https:\/\/casting.wroc.pl\/ru\/wp-json\/wp\/v2\/media?parent=24"}],"curies":[{"name":"wp","href":"https:\/\/api.w.org\/{rel}","templated":true}]}}